{"id":53,"date":"2023-05-30T14:18:49","date_gmt":"2023-05-30T13:18:49","guid":{"rendered":"https:\/\/ief-cemac.org\/wpief\/?page_id=53"},"modified":"2023-05-30T14:18:49","modified_gmt":"2023-05-30T13:18:49","slug":"tronc-commun-dharmonisation","status":"publish","type":"page","link":"https:\/\/ief-cemac.org\/wpief\/index.php\/tronc-commun-dharmonisation\/","title":{"rendered":"Tronc Commun d&rsquo;Harmonisation"},"content":{"rendered":"\n<p>Le Tronc Commun d\u2019Harmonisation (TCH) est le premier cycle de formation \u00e0 l&rsquo;Institut. Il a pour objectifs&nbsp;:<\/p>\n\n\n\n<ul class=\"wp-block-list\">\n<li>l&rsquo;harmonisation des connaissances des \u00e9l\u00e8ves, issus de formations diverses, dans les domaines suivants&nbsp;:\n<ol class=\"wp-block-list\">\n<li>Analyse \u00e9conomique<\/li>\n\n\n\n<li>Analyse comptable et financi\u00e8re<\/li>\n\n\n\n<li>Administration publique<\/li>\n\n\n\n<li>Techniques quantitatives<\/li>\n<\/ol>\n<\/li>\n\n\n\n<li>le contr\u00f4le des connaissances des \u00e9l\u00e8ves dans les disciplines dont ils doivent, quelle que soit la sp\u00e9cialisation ult\u00e9rieure, conna\u00eetre et savoir appliquer les concepts de base.<\/li>\n<\/ul>\n\n\n\n<h2 class=\"wp-block-heading\"><strong>Enseignements<\/strong><\/h2>\n\n\n\n<p>Les enseignements du TCH sont organis\u00e9s en quatre grandes disciplines repr\u00e9sentant chacune une unit\u00e9 de valeur.<\/p>\n\n\n\n<ol class=\"wp-block-list\">\n<li>Economie<\/li>\n\n\n\n<li>Analyse comptable et Financi\u00e8re<\/li>\n\n\n\n<li>Administration publique<\/li>\n\n\n\n<li>Techniques quantitatives<\/li>\n<\/ol>\n\n\n\n<p>Chaque unit\u00e9 de valeur est compos\u00e9e des enseignements suivants&nbsp;:<\/p>\n\n\n\n<ol class=\"wp-block-list\">\n<li>ECONOMIE\n<ul class=\"wp-block-list\">\n<li>Analyse macro-\u00e9conomique<\/li>\n\n\n\n<li>Comptabilit\u00e9 nationale<\/li>\n\n\n\n<li>Analyse micro-\u00e9conomique<\/li>\n<\/ul>\n<\/li>\n\n\n\n<li>ANALYSE COMPTABLE ET FINANCIERE\n<ul class=\"wp-block-list\">\n<li>Comptabilit\u00e9 g\u00e9n\u00e9rale<\/li>\n\n\n\n<li>Analyse financi\u00e8re<\/li>\n\n\n\n<li>Math\u00e9matiques financi\u00e8res<\/li>\n\n\n\n<li>Droit Commercial<\/li>\n<\/ul>\n<\/li>\n\n\n\n<li>ADMINISTRATION PUBLIQUE\n<ul class=\"wp-block-list\">\n<li>Finances publiques<\/li>\n\n\n\n<li>Droit administratif<\/li>\n\n\n\n<li>Droit constitutionnel<\/li>\n<\/ul>\n<\/li>\n\n\n\n<li>TECHNIQUES QUANTITATIVES\n<ul class=\"wp-block-list\">\n<li>Statistiques descriptives<\/li>\n\n\n\n<li>Math\u00e9matiques appliqu\u00e9es \u00e0 l\u2019\u00e9conomie<\/li>\n\n\n\n<li>Informatique<\/li>\n<\/ul>\n<\/li>\n<\/ol>\n\n\n\n<p>Les cours sont dispens\u00e9s par des universitaires, des fonctionnaires, des dirigeants d&rsquo;entreprises et des experts (nationaux et internationaux).<\/p>\n\n\n\n<h2 class=\"wp-block-heading\"><strong>Syst\u00e8me d&rsquo;\u00e9valuation<\/strong><\/h2>\n\n\n\n<p>L&rsquo;obtention des quatre unit\u00e9s de valeur est n\u00e9cessaire et indispensable pour poursuivre sa scolarit\u00e9 \u00e0 l&rsquo;Institut. L&rsquo;\u00e9valuation des quatre unit\u00e9s de valeur comprend pour chacun des enseignements&nbsp;:<\/p>\n\n\n\n<ul class=\"wp-block-list\">\n<li>la moyenne des notes de contr\u00f4les continus<\/li>\n\n\n\n<li>une note d&rsquo;examen final de Tronc Commun<\/li>\n<\/ul>\n\n\n\n<p>La note de l&rsquo;unit\u00e9 de valeur est la moyenne pond\u00e9r\u00e9e des notes de ses enseignements. Pour obtenir l&rsquo;unit\u00e9 de valeur cette note pond\u00e9r\u00e9e doit \u00eatre sup\u00e9rieure ou \u00e9gale \u00e0 10\/20. Un examen de rattrapage est organis\u00e9 pour les \u00e9l\u00e8ves ayant obtenu une note sup\u00e9rieure \u00e0 05\/20. Lors de la session de rattrapage, la r\u00e8gle de d\u00e9cision sera la m\u00eame que celle de la premi\u00e8re session. En cas de r\u00e9ussite, pour effectuer le classement, la note de 10\/20 sera retenue pour chaque unit\u00e9 de valeur obtenue lors de la session de rattrapage.<\/p>\n","protected":false},"excerpt":{"rendered":"<p>Le Tronc Commun d\u2019Harmonisation (TCH) est le premier cycle de formation \u00e0 l&rsquo;Institut. Il a pour objectifs&nbsp;: Enseignements Les enseignements du TCH sont organis\u00e9s en quatre grandes disciplines repr\u00e9sentant chacune une unit\u00e9 de valeur. Chaque unit\u00e9 de valeur est compos\u00e9e des enseignements suivants&nbsp;: Les cours sont dispens\u00e9s par des universitaires, des fonctionnaires, des dirigeants d&rsquo;entreprises [&hellip;]<\/p>\n","protected":false},"author":1,"featured_media":0,"parent":0,"menu_order":0,"comment_status":"closed","ping_status":"closed","template":"templates\/template-full-width.php","meta":{"footnotes":""},"class_list":["post-53","page","type-page","status-publish","hentry"],"_links":{"self":[{"href":"https:\/\/ief-cemac.org\/wpief\/index.php\/wp-json\/wp\/v2\/pages\/53","targetHints":{"allow":["GET"]}}],"collection":[{"href":"https:\/\/ief-cemac.org\/wpief\/index.php\/wp-json\/wp\/v2\/pages"}],"about":[{"href":"https:\/\/ief-cemac.org\/wpief\/index.php\/wp-json\/wp\/v2\/types\/page"}],"author":[{"embeddable":true,"href":"https:\/\/ief-cemac.org\/wpief\/index.php\/wp-json\/wp\/v2\/users\/1"}],"replies":[{"embeddable":true,"href":"https:\/\/ief-cemac.org\/wpief\/index.php\/wp-json\/wp\/v2\/comments?post=53"}],"version-history":[{"count":2,"href":"https:\/\/ief-cemac.org\/wpief\/index.php\/wp-json\/wp\/v2\/pages\/53\/revisions"}],"predecessor-version":[{"id":130,"href":"https:\/\/ief-cemac.org\/wpief\/index.php\/wp-json\/wp\/v2\/pages\/53\/revisions\/130"}],"wp:attachment":[{"href":"https:\/\/ief-cemac.org\/wpief\/index.php\/wp-json\/wp\/v2\/media?parent=53"}],"curies":[{"name":"wp","href":"https:\/\/api.w.org\/{rel}","templated":true}]}}