{"id":287,"date":"2023-10-24T21:33:43","date_gmt":"2023-10-24T20:33:43","guid":{"rendered":"https:\/\/ief-cemac.org\/wpief\/?page_id=287"},"modified":"2023-12-07T08:20:02","modified_gmt":"2023-12-07T07:20:02","slug":"concours-special-2023","status":"publish","type":"page","link":"https:\/\/ief-cemac.org\/wpief\/index.php\/concours-special-2023\/","title":{"rendered":"Concours sp\u00e9cial 2023"},"content":{"rendered":"\n<p class=\"has-text-align-center\" style=\"font-size:48px\">Gabon<\/p>\n\n\n\n<div class=\"wp-block-group\"><div class=\"wp-block-group__inner-container is-layout-constrained wp-block-group-is-layout-constrained\">\n<h4 class=\"wp-block-heading has-accent-color has-text-color has-link-color wp-elements-57bc67987b13323d823cbdfc7add643a\">Lieu du concours<\/h4>\n\n\n\n<p>Les \u00e9preuves du Concours Sp\u00e9cial de recrutement des Auditeurs originaire du Gabon se d\u00e9rouleront le <strong>samedi 9 d\u00e9cembre 2023 \u00e0 l&rsquo;Universit\u00e9 Omar Bongo (UOB)<\/strong>.<\/p>\n\n\n\n<p><strong>Convocation des candidats: 07h00<\/strong><\/p>\n\n\n\n<div class=\"wp-block-file\"><a id=\"wp-block-file--media-4ed1b6c9-1e74-4618-ad43-09d8a51f377c\" href=\"https:\/\/ief-cemac.org\/wpief\/wp-content\/uploads\/2023\/12\/ConcoursGabon_Lieu.pdf\" target=\"_blank\" rel=\"noreferrer noopener\">ConcoursGabon_Lieu<\/a><a href=\"https:\/\/ief-cemac.org\/wpief\/wp-content\/uploads\/2023\/12\/ConcoursGabon_Lieu.pdf\" class=\"wp-block-file__button wp-element-button\" download aria-describedby=\"wp-block-file--media-4ed1b6c9-1e74-4618-ad43-09d8a51f377c\">T\u00e9l\u00e9charger<\/a><\/div>\n\n\n\n<h4 class=\"wp-block-heading has-accent-color has-text-color has-link-color wp-elements-fe2dd080cfba651978975a6c17e0627c\">Places additionnelles<\/h4>\n\n\n\n<p>LA <strong>TRES HAUTE AUTORITE DE LA TRANSITION GABONAISE<\/strong> vient de donner un <strong>HAUT ACCORD EXCEPTIONNEL<\/strong> pour la prise en compte, au titre de la 8<sup>\u00e8me<\/sup> promotion, de 50 places additionnelles pour les agents du Minist\u00e8re des Comptes Publics.<\/p>\n\n\n\n<p>Ils peuvent d\u00e8s \u00e0 pr\u00e9sent d\u00e9poser leurs dossiers en qualit\u00e9 de Candidats internes dans les Fili\u00e8res ci-apr\u00e8s:<\/p>\n\n\n\n<ul class=\"wp-block-list\">\n<li>AEF: 25 places<\/li>\n\n\n\n<li>Tr\u00e9sor: 25 places<\/li>\n<\/ul>\n\n\n\n<div class=\"wp-block-file\"><a id=\"wp-block-file--media-f01f1bd2-8184-4df3-8064-132beb649b51\" href=\"https:\/\/ief-cemac.org\/wpief\/wp-content\/uploads\/2023\/11\/csGA08-Additif2.pdf\" target=\"_blank\" rel=\"noreferrer noopener\">csGA08-Additif2<\/a><a href=\"https:\/\/ief-cemac.org\/wpief\/wp-content\/uploads\/2023\/11\/csGA08-Additif2.pdf\" class=\"wp-block-file__button wp-element-button\" download aria-describedby=\"wp-block-file--media-f01f1bd2-8184-4df3-8064-132beb649b51\">T\u00e9l\u00e9charger<\/a><\/div>\n\n\n\n<h4 class=\"wp-block-heading\">Dispense d&rsquo;\u00e2ge &#8230;<\/h4>\n\n\n\n<p>Suite au <strong>TRES HAUT ACCORD DES AUTORITES DE LA TRANSISTION GABONAISE<\/strong>, une dispense d&rsquo;\u00e2ge autorise les <strong>Candidats externes originaire du Gabon \u00e2g\u00e9s de trente-trois (33) ans<\/strong> au plus au 1<sup>ier<\/sup> janviers 2023 \u00e0 concourir.<\/p>\n\n\n\n<div class=\"wp-block-file\"><a id=\"wp-block-file--media-a9648260-3235-490d-a16d-41839cad0d72\" href=\"https:\/\/ief-cemac.org\/wpief\/wp-content\/uploads\/2023\/11\/csGA08-Additif.pdf\">csGA08-Additif<\/a><a href=\"https:\/\/ief-cemac.org\/wpief\/wp-content\/uploads\/2023\/11\/csGA08-Additif.pdf\" class=\"wp-block-file__button wp-element-button\" download aria-describedby=\"wp-block-file--media-a9648260-3235-490d-a16d-41839cad0d72\">T\u00e9l\u00e9charger<\/a><\/div>\n<\/div><\/div>\n\n\n\n<h4 class=\"wp-block-heading\">Concours sp\u00e9cial<\/h4>\n\n\n\n<p>Faisant suite \u00e0 l&rsquo;Accord donn\u00e9 par la <strong>TRES HAUTE AUTORITE DE TRANSITION DE LA REPUBLIQUE GABONAISE<\/strong>, il est ouvert un Concours Sp\u00e9cial, au titre de l&rsquo;ann\u00e9e acad\u00e9mique 2023-2024, en vue du recrutement de <strong>Deux cents (200)<\/strong> Auditeurs de nationalit\u00e9 Gabonaise pour le compte de la 8<sup>i\u00e8me<\/sup> promotion de l&rsquo;IEF-PR, suivant la r\u00e9partition des places ci-apr\u00e8s :<\/p>\n\n\n\n<div class=\"wp-block-group\"><div class=\"wp-block-group__inner-container is-layout-constrained wp-block-group-is-layout-constrained\">\n<figure class=\"wp-block-table\"><table><tbody><tr><td class=\"has-text-align-center\" data-align=\"center\"><strong>N\u00b0<\/strong><\/td><td><strong>Fili\u00e8re<\/strong>s<\/td><td class=\"has-text-align-center\" data-align=\"center\"><strong>Candidats externes<\/strong><br><em>(Jeunes dipl\u00f4m\u00e9s sans emploi)<\/em><\/td><td class=\"has-text-align-center\" data-align=\"center\"><strong>Candidats internes<\/strong><br><em>(Jeunes dipl\u00f4m\u00e9s exer\u00e7ant d\u00e9j\u00e0 dans l&rsquo;administration concern\u00e9e)<\/em><\/td><td class=\"has-text-align-center\" data-align=\"center\"><strong>Total<\/strong><\/td><\/tr><tr><td class=\"has-text-align-center\" data-align=\"center\">1<\/td><td>AEF<\/td><td class=\"has-text-align-center\" data-align=\"center\">25<\/td><td class=\"has-text-align-center\" data-align=\"center\">&#8211;<\/td><td class=\"has-text-align-center\" data-align=\"center\"><strong>25<\/strong><\/td><\/tr><tr><td class=\"has-text-align-center\" data-align=\"center\">2<\/td><td>Douane<\/td><td class=\"has-text-align-center\" data-align=\"center\">25<\/td><td class=\"has-text-align-center\" data-align=\"center\">30<\/td><td class=\"has-text-align-center\" data-align=\"center\"><strong>55<\/strong><\/td><\/tr><tr><td class=\"has-text-align-center\" data-align=\"center\">3<\/td><td>Imp\u00f4ts<\/td><td class=\"has-text-align-center\" data-align=\"center\">25<\/td><td class=\"has-text-align-center\" data-align=\"center\">30<\/td><td class=\"has-text-align-center\" data-align=\"center\"><strong>55<\/strong><\/td><\/tr><tr><td class=\"has-text-align-center\" data-align=\"center\">4<\/td><td>Tr\u00e9sor<\/td><td class=\"has-text-align-center\" data-align=\"center\">25<\/td><td class=\"has-text-align-center\" data-align=\"center\">&#8211;<\/td><td class=\"has-text-align-center\" data-align=\"center\"><strong>25<\/strong><\/td><\/tr><tr><td class=\"has-text-align-center\" data-align=\"center\">5<\/td><td>Dette<\/td><td class=\"has-text-align-center\" data-align=\"center\">&#8211;<\/td><td class=\"has-text-align-center\" data-align=\"center\">15<\/td><td class=\"has-text-align-center\" data-align=\"center\"><strong>15<\/strong><\/td><\/tr><tr><td class=\"has-text-align-center\" data-align=\"center\">6<\/td><td>Concurrence<\/td><td class=\"has-text-align-center\" data-align=\"center\">&#8211;<\/td><td class=\"has-text-align-center\" data-align=\"center\">15<\/td><td class=\"has-text-align-center\" data-align=\"center\"><strong>15<\/strong><\/td><\/tr><tr><td class=\"has-text-align-center\" data-align=\"center\">7<\/td><td>Statistiques<\/td><td class=\"has-text-align-center\" data-align=\"center\">&#8211;<\/td><td class=\"has-text-align-center\" data-align=\"center\">10<\/td><td class=\"has-text-align-center\" data-align=\"center\"><strong>10<\/strong><\/td><\/tr><tr><td class=\"has-text-align-center\" data-align=\"center\"><strong>Total<\/strong><\/td><td><\/td><td class=\"has-text-align-center\" data-align=\"center\"><strong>100<\/strong><\/td><td class=\"has-text-align-center\" data-align=\"center\"><strong>100<\/strong><\/td><td class=\"has-text-align-center\" data-align=\"center\"><strong>200<\/strong><\/td><\/tr><\/tbody><\/table><figcaption class=\"wp-element-caption\">AEF: Administration Economique et Financi\u00e8re<\/figcaption><\/figure>\n<\/div><\/div>\n\n\n\n<p>Ce concours sp\u00e9cial est organis\u00e9 conform\u00e9ment aux dispositions r\u00e8glementaires de la CEMAC en la mati\u00e8re comme suit:<\/p>\n\n\n\n<p class=\"has-large-font-size\"><strong>Conditions g\u00e9n\u00e9rales \u00e0 remplir:<\/strong><\/p>\n\n\n\n<p>Ce concours s&rsquo;adresse aux personnes des deux sexes remplissant les conditions g\u00e9n\u00e9rales ci-apr\u00e8s:<\/p>\n\n\n\n<ul class=\"wp-block-list\">\n<li>Etre de nationalit\u00e9 gabonaise;<\/li>\n\n\n\n<li>Etre titulaire d&rsquo;un Dipl\u00f4me (Bac+4) de Ma\u00eetrise, Master ou Dipl\u00f4me reconnu \u00e9quivalent dans l&rsquo;un des domaines suivants:\n<ul class=\"wp-block-list\">\n<li>Sciences \u00e9conomiques;<\/li>\n\n\n\n<li>Finances;<\/li>\n\n\n\n<li>Gestion;<\/li>\n\n\n\n<li>Administration;<\/li>\n\n\n\n<li>Statistiques;<\/li>\n\n\n\n<li>Etudes commerciales;<\/li>\n\n\n\n<li>Droit;<\/li>\n\n\n\n<li>Sciences politiques;<\/li>\n\n\n\n<li>Grandes \u00e9coles scientifiques;<\/li>\n\n\n\n<li>Math\u00e9matiques<\/li>\n<\/ul>\n<\/li>\n\n\n\n<li><strong>Pour les candidats externes:<\/strong> Etre ag\u00e9(e) de 32 ans au plus au 1er janvier 2023;<\/li>\n\n\n\n<li><strong>Pour les candidats internes:<\/strong> Etre Agent de l&rsquo;Etat exer\u00e7ant dans l&rsquo;une des administrations de rattachement des corps list\u00e9s dans le tableau pr\u00e9c\u00e9dent.<\/li>\n<\/ul>\n\n\n\n<p>La composition du dossier de candidature, les dates de d\u00e9p\u00f4t des dossiers de candidature et le d\u00e9roulement du concours sp\u00e9cial sont indiqu\u00e9s dans le communiqu\u00e9 disponible en t\u00e9l\u00e9chargement.<\/p>\n\n\n\n<div class=\"wp-block-file\"><a id=\"wp-block-file--media-e58e6b1e-2168-43a1-becb-043ad84905a1\" href=\"https:\/\/ief-cemac.org\/wpief\/wp-content\/uploads\/2023\/10\/csGabonCommunique3.pdf\" target=\"_blank\" rel=\"noreferrer noopener\">csGabonCommunique3<\/a><a href=\"https:\/\/ief-cemac.org\/wpief\/wp-content\/uploads\/2023\/10\/csGabonCommunique3.pdf\" class=\"wp-block-file__button wp-element-button\" download aria-describedby=\"wp-block-file--media-e58e6b1e-2168-43a1-becb-043ad84905a1\">T\u00e9l\u00e9charger<\/a><\/div>\n\n\n\n<h4 class=\"wp-block-heading\">Dates \u00e0 retenir:<\/h4>\n\n\n\n<figure class=\"wp-block-table\"><table><tbody><tr><td><strong>&#8211; D\u00e9p\u00f4t des dossiers de candidature:<\/strong><\/td><td>26\/10 au 05\/12\/2023<\/td><\/tr><tr><td><strong>&#8211; Date des \u00e9preuves du concours<\/strong>:<\/td><td>09\/12\/2023<\/td><\/tr><\/tbody><\/table><\/figure>\n\n\n\n<h4 class=\"wp-block-heading\">Communiqu\u00e9 additif<\/h4>\n\n\n\n<p>Les jeunes gens ayant formellement valid\u00e9 l&rsquo;ann\u00e9e de Master 1, sont autoris\u00e9s \u00e0 s&rsquo;inscrire au Concours Sp\u00e9cial.<\/p>\n\n\n\n<div class=\"wp-block-file\"><a id=\"wp-block-file--media-b6c599fd-f538-4638-8290-aff001957aa0\" href=\"https:\/\/ief-cemac.org\/wpief\/wp-content\/uploads\/2023\/11\/csGA08-Additif4.pdf\" target=\"_blank\" rel=\"noreferrer noopener\">csGA08-Additif4<\/a><a href=\"https:\/\/ief-cemac.org\/wpief\/wp-content\/uploads\/2023\/11\/csGA08-Additif4.pdf\" class=\"wp-block-file__button wp-element-button\" download aria-describedby=\"wp-block-file--media-b6c599fd-f538-4638-8290-aff001957aa0\">T\u00e9l\u00e9charger<\/a><\/div>\n","protected":false},"excerpt":{"rendered":"<p>Gabon Lieu du concours Les \u00e9preuves du Concours Sp\u00e9cial de recrutement des Auditeurs originaire du Gabon se d\u00e9rouleront le samedi 9 d\u00e9cembre 2023 \u00e0 l&rsquo;Universit\u00e9 Omar Bongo (UOB). Convocation des candidats: 07h00 Places additionnelles LA TRES HAUTE AUTORITE DE LA TRANSITION GABONAISE vient de donner un HAUT ACCORD EXCEPTIONNEL pour la prise en compte, au [&hellip;]<\/p>\n","protected":false},"author":1,"featured_media":0,"parent":0,"menu_order":0,"comment_status":"closed","ping_status":"closed","template":"templates\/template-full-width.php","meta":{"footnotes":""},"class_list":["post-287","page","type-page","status-publish","hentry"],"_links":{"self":[{"href":"https:\/\/ief-cemac.org\/wpief\/index.php\/wp-json\/wp\/v2\/pages\/287","targetHints":{"allow":["GET"]}}],"collection":[{"href":"https:\/\/ief-cemac.org\/wpief\/index.php\/wp-json\/wp\/v2\/pages"}],"about":[{"href":"https:\/\/ief-cemac.org\/wpief\/index.php\/wp-json\/wp\/v2\/types\/page"}],"author":[{"embeddable":true,"href":"https:\/\/ief-cemac.org\/wpief\/index.php\/wp-json\/wp\/v2\/users\/1"}],"replies":[{"embeddable":true,"href":"https:\/\/ief-cemac.org\/wpief\/index.php\/wp-json\/wp\/v2\/comments?post=287"}],"version-history":[{"count":14,"href":"https:\/\/ief-cemac.org\/wpief\/index.php\/wp-json\/wp\/v2\/pages\/287\/revisions"}],"predecessor-version":[{"id":336,"href":"https:\/\/ief-cemac.org\/wpief\/index.php\/wp-json\/wp\/v2\/pages\/287\/revisions\/336"}],"wp:attachment":[{"href":"https:\/\/ief-cemac.org\/wpief\/index.php\/wp-json\/wp\/v2\/media?parent=287"}],"curies":[{"name":"wp","href":"https:\/\/api.w.org\/{rel}","templated":true}]}}