{"id":274,"date":"2023-09-05T11:39:06","date_gmt":"2023-09-05T10:39:06","guid":{"rendered":"https:\/\/ief-cemac.org\/wpief\/?page_id=274"},"modified":"2023-09-05T11:39:06","modified_gmt":"2023-09-05T10:39:06","slug":"audience-a-malabo","status":"publish","type":"page","link":"https:\/\/ief-cemac.org\/wpief\/index.php\/audience-a-malabo\/","title":{"rendered":"Audience \u00e0 Malabo"},"content":{"rendered":"\n<figure class=\"wp-block-image alignwide size-full\"><img loading=\"lazy\" decoding=\"async\" width=\"982\" height=\"327\" src=\"https:\/\/ief-cemac.org\/wpief\/wp-content\/uploads\/2023\/09\/Missiondg.jpg\" alt=\"\" class=\"wp-image-271\" srcset=\"https:\/\/ief-cemac.org\/wpief\/wp-content\/uploads\/2023\/09\/Missiondg.jpg 982w, https:\/\/ief-cemac.org\/wpief\/wp-content\/uploads\/2023\/09\/Missiondg-300x100.jpg 300w, https:\/\/ief-cemac.org\/wpief\/wp-content\/uploads\/2023\/09\/Missiondg-768x256.jpg 768w\" sizes=\"auto, (max-width: 982px) 100vw, 982px\" \/><\/figure>\n\n\n\n<p>Le DG de l&rsquo;IEF a \u00e9t\u00e9 re\u00e7u en audience le mercredi 16 ao\u00fbt 2023 \u00e0 Malabo par Monsieur le Vice-Ministre des Finances et du Budget \u00c9quato-guin\u00e9en accompagn\u00e9 du Directeur G\u00e9n\u00e9ral du Budget et de la Comptabilit\u00e9 Publique, par ailleurs Correspondant National de l&rsquo;IEF en Guin\u00e9e \u00c9quatoriale.<\/p>\n\n\n\n<p>L\u2019objectif principal de cette rencontre \u00e9tait d\u2019\u00e9changer sur la d\u00e9cision prise par la nouvelle administration de l\u2019\u00e9cole de lancer un concours sp\u00e9cial d&rsquo;entr\u00e9e \u00e0 l\u2019IEF concernant la 8\u00e8me Promotion juste pour le Gabon, le Cameroun et la Guin\u00e9e \u00e9quatoriale, et l&rsquo;IEF voulait juste l\u2019appui de l\u2019Etat pour que le concours puisse avoir lieu \u00e0 Malabo en septembre 2023.<\/p>\n","protected":false},"excerpt":{"rendered":"<p>Le DG de l&rsquo;IEF a \u00e9t\u00e9 re\u00e7u en audience le mercredi 16 ao\u00fbt 2023 \u00e0 Malabo par Monsieur le Vice-Ministre des Finances et du Budget \u00c9quato-guin\u00e9en accompagn\u00e9 du Directeur G\u00e9n\u00e9ral du Budget et de la Comptabilit\u00e9 Publique, par ailleurs Correspondant National de l&rsquo;IEF en Guin\u00e9e \u00c9quatoriale. L\u2019objectif principal de cette rencontre \u00e9tait d\u2019\u00e9changer sur la [&hellip;]<\/p>\n","protected":false},"author":1,"featured_media":0,"parent":0,"menu_order":0,"comment_status":"closed","ping_status":"closed","template":"templates\/template-full-width.php","meta":{"footnotes":""},"class_list":["post-274","page","type-page","status-publish","hentry"],"_links":{"self":[{"href":"https:\/\/ief-cemac.org\/wpief\/index.php\/wp-json\/wp\/v2\/pages\/274","targetHints":{"allow":["GET"]}}],"collection":[{"href":"https:\/\/ief-cemac.org\/wpief\/index.php\/wp-json\/wp\/v2\/pages"}],"about":[{"href":"https:\/\/ief-cemac.org\/wpief\/index.php\/wp-json\/wp\/v2\/types\/page"}],"author":[{"embeddable":true,"href":"https:\/\/ief-cemac.org\/wpief\/index.php\/wp-json\/wp\/v2\/users\/1"}],"replies":[{"embeddable":true,"href":"https:\/\/ief-cemac.org\/wpief\/index.php\/wp-json\/wp\/v2\/comments?post=274"}],"version-history":[{"count":1,"href":"https:\/\/ief-cemac.org\/wpief\/index.php\/wp-json\/wp\/v2\/pages\/274\/revisions"}],"predecessor-version":[{"id":275,"href":"https:\/\/ief-cemac.org\/wpief\/index.php\/wp-json\/wp\/v2\/pages\/274\/revisions\/275"}],"wp:attachment":[{"href":"https:\/\/ief-cemac.org\/wpief\/index.php\/wp-json\/wp\/v2\/media?parent=274"}],"curies":[{"name":"wp","href":"https:\/\/api.w.org\/{rel}","templated":true}]}}