{"id":160,"date":"2023-07-14T09:11:52","date_gmt":"2023-07-14T08:11:52","guid":{"rendered":"https:\/\/ief-cemac.org\/wpief\/?page_id=160"},"modified":"2023-07-14T14:55:37","modified_gmt":"2023-07-14T13:55:37","slug":"missionparquetgeneral","status":"publish","type":"page","link":"https:\/\/ief-cemac.org\/wpief\/index.php\/missionparquetgeneral\/","title":{"rendered":"Mission du Parquet G\u00e9n\u00e9ral de la Cour des Comptes"},"content":{"rendered":"\n<figure class=\"wp-block-image alignwide size-full\"><img loading=\"lazy\" decoding=\"async\" width=\"960\" height=\"327\" src=\"https:\/\/ief-cemac.org\/wpief\/wp-content\/uploads\/2023\/07\/Actucourcpte0202.jpg\" alt=\"\" class=\"wp-image-165\" srcset=\"https:\/\/ief-cemac.org\/wpief\/wp-content\/uploads\/2023\/07\/Actucourcpte0202.jpg 960w, https:\/\/ief-cemac.org\/wpief\/wp-content\/uploads\/2023\/07\/Actucourcpte0202-300x102.jpg 300w, https:\/\/ief-cemac.org\/wpief\/wp-content\/uploads\/2023\/07\/Actucourcpte0202-768x262.jpg 768w\" sizes=\"auto, (max-width: 960px) 100vw, 960px\" \/><\/figure>\n\n\n\n<p>L\u2019Institut de l\u2019Economie et des Finances-P\u00f4le R\u00e9gional a re\u00e7u, le mardi 13 juin 2023 \u00e0 10 heures pr\u00e9cises, par le canal de son nouveau Directeur G\u00e9n\u00e9ral Monsieur Jacquinot VOUNDI, une importante d\u00e9l\u00e9gation de la Cour des Comptes de la Communaut\u00e9 Economique et Mon\u00e9taire de l\u2019Afrique Centrale (CEMAC) en visite d\u2019information et de prise de contact.<\/p>\n\n\n\n<p>En effet, dans le cadre de la Mission du Parquet G\u00e9n\u00e9ral aupr\u00e8s des organismes communautaires si\u00e9geant en R\u00e9publique du Cameroun et en R\u00e9publique du Gabon, le <strong>Dr Hassan MAHAMAT IDRISS<\/strong>, Procureur G\u00e9n\u00e9ral pr\u00e8s la Cour des Comptes de la CEMAC et son Adjoint <strong>Monsieur David OSSEKE<\/strong>, sont venus \u00e0 la rencontre des cadres et agents de l\u2019IEF-P\u00f4le R\u00e9gional afin d\u2019\u00e9voquer avec eux les nouvelles orientations impuls\u00e9es par les plus hautes autorit\u00e9s de cette instance judiciaire bas\u00e9e \u00e0 Ndjamena au Tchad notamment l\u2019affermissement de l\u2019action de la Cour des Comptes aupr\u00e8s de ses justiciables.<\/p>\n\n\n\n<p>Cette visite marque la septi\u00e8me \u00e9tape d\u2019un p\u00e9riple d\u00e9marr\u00e9 le 05 juin 2023 par l\u2019Institut Sous-R\u00e9gional de Statistiques et d\u2019Economie Appliqu\u00e9e (ISSEA), l\u2019Organisation de Coordination pour la lutte contre les End\u00e9mies en Afrique Centrale (OCEAC), le Comit\u00e9 Inter-\u00e9tats des Pesticides de l\u2019Afrique Centrale (CPAC), le Comit\u00e9 des Chefs de Police de l\u2019Afrique Centrale (CCPAC), l\u2019Ecole de l\u2019H\u00f4tellerie et du Tourisme (EHT) et l\u2019Institut Sous-r\u00e9gional multisectoriel de Technologies Appliqu\u00e9es, de Planification et d\u2019Evaluation de projets (ISTA).<\/p>\n\n\n\n<p>L\u2019objectif de cette mission \u00e0 l\u2019IEF-P\u00f4le R\u00e9gional vise, d\u2019une part, \u00e0 vulgariser, aupr\u00e8s des agents, les attributions du Parquet G\u00e9n\u00e9ral et les textes organiques de la Cour des Comptes. D\u2019autre part, elle a pour objectif de v\u00e9rifier les habilitations des comptables de l\u2019Institut, appr\u00e9hender les difficult\u00e9s rencontr\u00e9es par ces derniers dans la r\u00e9\u00e9dition des comptes puis \u00e9valuer l\u2019observation, par les acteurs de la chaine financi\u00e8re, des r\u00e8gles financi\u00e8res, budg\u00e9taires et comptables. Ces acteurs, de fa\u00e7on g\u00e9n\u00e9rale, sont au nombre de quatre (4) notamment, l\u2019Ordonnateur, l\u2019Agent Comptable, le Contr\u00f4leur Financier et le Directeur Administratif et Financier.<\/p>\n\n\n\n<p>C\u2019est dans une ambiance conviviale que cette s\u00e9ance de travail s\u2019est d\u00e9roul\u00e9e en pr\u00e9sence du <strong>Dr Jo\u00eblle ZOUA ONA<\/strong>, Repr\u00e9sentante R\u00e9sidente de la CEMAC au Gabon. Dans ses propos, la Repr\u00e9sentante de la Commission a salu\u00e9 la tenue de cette importante rencontre qui cadre avec les derni\u00e8res recommandations des plus hautes instances de la CEMAC en t\u00eate desquelles la Conf\u00e9rence des Chefs d\u2019Etats.<\/p>\n\n\n\n<p>Les temps forts de ces accises ont \u00e9t\u00e9 marqu\u00e9s par le mot de bienvenue du Directeur G\u00e9n\u00e9ral de l\u2019IEF-P\u00f4le R\u00e9gional. Monsieur Jacquinot VOUNDI, qui s\u2019est fortement r\u00e9joui de la pr\u00e9sence des magistrats dans son administration, a dress\u00e9 l\u2019historique, les modules de formation, les missions ainsi que l\u2019\u00e9tat du personnel de l\u2019IEF-P\u00f4le R\u00e9gional. Des agents qui d\u2019ailleurs ont \u00e9t\u00e9 invit\u00e9s \u00e0 se pr\u00e9senter individuellement, \u00e0 tour de r\u00f4le, lors d\u2019un tour de table.<br><\/p>\n\n\n\n<p>Puis, s\u2019en est suivi, l\u2019expos\u00e9 du Procureur G\u00e9n\u00e9ral, le Dr MAHAMAT IDRISS, qui est longuement revenu sur la justification, les objectifs et les r\u00e9sultats attendus de sa d\u00e9marche \u00e0 l\u2019IEF-P\u00f4le R\u00e9gional. Il a rappel\u00e9 la nouvelle vision de la Cour notamment celle d\u2019impulser v\u00e9ritablement la bonne gouvernance budg\u00e9taire et financi\u00e8re dans la CEMAC contrairement aux insuffisances observ\u00e9es dans le pass\u00e9.<\/p>\n\n\n\n<p>Le Procureur G\u00e9n\u00e9ral a, par ailleurs, rappel\u00e9 le r\u00f4le crucial de son d\u00e9partement \u00e0 la Cour des Comptes. Le Parquet G\u00e9n\u00e9ral est charg\u00e9 de veiller \u00e0 la stricte application des textes communautaires. C\u2019est pourquoi, tous les cadres et agents de l\u2019IEF-P\u00f4le R\u00e9gional \u00e9tant justiciables devant la Cour des Comptes, il est opportun pour le Parquet G\u00e9n\u00e9ral d\u2019initier cette rencontre p\u00e9dagogique afin que chacun soit inform\u00e9 et mis devant ses responsabilit\u00e9s en vue de pr\u00e9venir d\u2019\u00e9ventuels d\u00e9rapages dans la gestion des deniers publics.<\/p>\n\n\n\n<p>En outre, le tour est revenu au Procureur G\u00e9n\u00e9ral Adjoint, Monsieur David OSSEKE, de faire une pr\u00e9sentation g\u00e9n\u00e9rale de la Cour des Comptes. Il s\u2019est appesanti sur le fonctionnement, les missions ainsi que les diff\u00e9rents textes juridiques de la Cour. Il a fait noter que la Cour \u00e9tait compos\u00e9e d\u2019un Si\u00e8ge et d\u2019un Parquet G\u00e9n\u00e9ral. Elle a 12 membres statutaires dont deux (2) membres par Etat.<\/p>\n\n\n\n<p>Apr\u00e8s cet expos\u00e9 et la s\u00e9rie de questions-r\u00e9ponses Parquet-Personnel IEF-P\u00f4le R\u00e9gional, a suivi un huis clos entre le Parquet G\u00e9n\u00e9ral et les repr\u00e9sentants de la chaine financi\u00e8re de l\u2019Institut.<\/p>\n\n\n\n<p>Enfin, une visite des locaux, puis une photo de famille ont clos la mission du Procureur G\u00e9n\u00e9ral et de son adjoint \u00e0 l\u2019IEF-P\u00f4le R\u00e9gional.<\/p>\n\n\n\n<figure class=\"wp-block-gallery has-nested-images columns-default is-cropped wp-block-gallery-1 is-layout-flex wp-block-gallery-is-layout-flex\">\n<figure class=\"wp-block-image size-large\"><img loading=\"lazy\" decoding=\"async\" width=\"450\" height=\"300\" data-id=\"167\" src=\"https:\/\/ief-cemac.org\/wpief\/wp-content\/uploads\/2023\/07\/Actucourcpte.jpg\" alt=\"\" class=\"wp-image-167\" srcset=\"https:\/\/ief-cemac.org\/wpief\/wp-content\/uploads\/2023\/07\/Actucourcpte.jpg 450w, https:\/\/ief-cemac.org\/wpief\/wp-content\/uploads\/2023\/07\/Actucourcpte-300x200.jpg 300w\" sizes=\"auto, (max-width: 450px) 100vw, 450px\" \/><\/figure>\n\n\n\n<figure class=\"wp-block-image size-large\"><img loading=\"lazy\" decoding=\"async\" width=\"481\" height=\"300\" data-id=\"168\" src=\"https:\/\/ief-cemac.org\/wpief\/wp-content\/uploads\/2023\/07\/Actucourcpte02-1.jpg\" alt=\"\" class=\"wp-image-168\" srcset=\"https:\/\/ief-cemac.org\/wpief\/wp-content\/uploads\/2023\/07\/Actucourcpte02-1.jpg 481w, https:\/\/ief-cemac.org\/wpief\/wp-content\/uploads\/2023\/07\/Actucourcpte02-1-300x187.jpg 300w\" sizes=\"auto, (max-width: 481px) 100vw, 481px\" \/><\/figure>\n\n\n\n<figure class=\"wp-block-image size-large\"><img loading=\"lazy\" decoding=\"async\" width=\"960\" height=\"462\" data-id=\"169\" src=\"https:\/\/ief-cemac.org\/wpief\/wp-content\/uploads\/2023\/07\/Actucourcpte0203.jpg\" alt=\"\" class=\"wp-image-169\" srcset=\"https:\/\/ief-cemac.org\/wpief\/wp-content\/uploads\/2023\/07\/Actucourcpte0203.jpg 960w, https:\/\/ief-cemac.org\/wpief\/wp-content\/uploads\/2023\/07\/Actucourcpte0203-300x144.jpg 300w, https:\/\/ief-cemac.org\/wpief\/wp-content\/uploads\/2023\/07\/Actucourcpte0203-768x370.jpg 768w\" sizes=\"auto, (max-width: 960px) 100vw, 960px\" \/><\/figure>\n<\/figure>\n","protected":false},"excerpt":{"rendered":"<p>L\u2019Institut de l\u2019Economie et des Finances-P\u00f4le R\u00e9gional a re\u00e7u, le mardi 13 juin 2023 \u00e0 10 heures pr\u00e9cises, par le canal de son nouveau Directeur G\u00e9n\u00e9ral Monsieur Jacquinot VOUNDI, une importante d\u00e9l\u00e9gation de la Cour des Comptes de la Communaut\u00e9 Economique et Mon\u00e9taire de l\u2019Afrique Centrale (CEMAC) en visite d\u2019information et de prise de contact. [&hellip;]<\/p>\n","protected":false},"author":1,"featured_media":0,"parent":0,"menu_order":0,"comment_status":"closed","ping_status":"closed","template":"templates\/template-full-width.php","meta":{"footnotes":""},"class_list":["post-160","page","type-page","status-publish","hentry"],"_links":{"self":[{"href":"https:\/\/ief-cemac.org\/wpief\/index.php\/wp-json\/wp\/v2\/pages\/160","targetHints":{"allow":["GET"]}}],"collection":[{"href":"https:\/\/ief-cemac.org\/wpief\/index.php\/wp-json\/wp\/v2\/pages"}],"about":[{"href":"https:\/\/ief-cemac.org\/wpief\/index.php\/wp-json\/wp\/v2\/types\/page"}],"author":[{"embeddable":true,"href":"https:\/\/ief-cemac.org\/wpief\/index.php\/wp-json\/wp\/v2\/users\/1"}],"replies":[{"embeddable":true,"href":"https:\/\/ief-cemac.org\/wpief\/index.php\/wp-json\/wp\/v2\/comments?post=160"}],"version-history":[{"count":6,"href":"https:\/\/ief-cemac.org\/wpief\/index.php\/wp-json\/wp\/v2\/pages\/160\/revisions"}],"predecessor-version":[{"id":228,"href":"https:\/\/ief-cemac.org\/wpief\/index.php\/wp-json\/wp\/v2\/pages\/160\/revisions\/228"}],"wp:attachment":[{"href":"https:\/\/ief-cemac.org\/wpief\/index.php\/wp-json\/wp\/v2\/media?parent=160"}],"curies":[{"name":"wp","href":"https:\/\/api.w.org\/{rel}","templated":true}]}}