{"id":135,"date":"2023-05-30T14:35:14","date_gmt":"2023-05-30T13:35:14","guid":{"rendered":"https:\/\/ief-cemac.org\/wpief\/?page_id=135"},"modified":"2023-05-30T14:36:54","modified_gmt":"2023-05-30T13:36:54","slug":"admission","status":"publish","type":"page","link":"https:\/\/ief-cemac.org\/wpief\/index.php\/admission\/","title":{"rendered":"Admission"},"content":{"rendered":"\n<p>L\u2019admission en formation initiale se fait sur concours, directement \u00e0 l&rsquo;issue d&rsquo;une formation universitaire, ou en cours d&rsquo;activit\u00e9 professionnelle. Le concours s\u2019adresse :<\/p>\n\n\n\n<ul class=\"wp-block-list\">\n<li>aux titulaires d&rsquo;un dipl\u00f4me de niveau bac+4 pour le concours externe ;<\/li>\n\n\n\n<li>aux agents publics.<\/li>\n<\/ul>\n\n\n\n<p>Le concours est ouvert aux ressortissants des Etats de la CEMAC. Un test de s\u00e9lection est organis\u00e9 pour chacune des quatre fili\u00e8res de formation. Ces tests se d\u00e9roulent \u00e0 des dates diff\u00e9rentes. Un candidat, s\u2019il le souhaite peut prendre part \u00e0 tous les tests. Le processus d\u2019admission \u00e0 l\u2019IEF &#8211; P\u00f4le R\u00e9gional est organis\u00e9 en deux phases:<\/p>\n\n\n\n<ul class=\"wp-block-list\">\n<li>La pr\u00e9s\u00e9lection des candidats: la r\u00e9ception et l&rsquo;examen des dossiers de candidature.<\/li>\n\n\n\n<li>La s\u00e9lection des candidats: le concours.<\/li>\n<\/ul>\n\n\n\n<h4 class=\"wp-block-heading\">La pr\u00e9s\u00e9lection des candidats<\/h4>\n\n\n\n<p>Elle est \u00e0 la charge de chacun des Etats membres. A cet effet, un centre d\u2019examen est ouvert dans chaque Pays. Les dossiers de candidature sont d\u00e9pos\u00e9s aupr\u00e8s du Correspondant national de l&rsquo;IEF. Les r\u00e9gies financi\u00e8res et les administrations \u00e9conomiques et financi\u00e8res, apr\u00e8s \u00e9valuation des dossiers de candidature, \u00e9tablissent une liste de candidats \u00e0 convoquer pour les \u00e9preuves de s\u00e9lection.<\/p>\n\n\n\n<h5 class=\"wp-block-heading\">Conditions de candidature<\/h5>\n\n\n\n<p>Les candidats au concours doivent remplir les conditions particuli\u00e8res suivantes :<\/p>\n\n\n\n<p>Candidats externes :<\/p>\n\n\n\n<ul class=\"wp-block-list\">\n<li>Etre \u00e2g\u00e9 au plus de trente ans au 1er janvier de l\u2019ann\u00e9e du concours. Cette limite d\u2019\u00e2ge est recul\u00e9e pour les candidats ayant accompli leurs obligations au regard du service national, d\u2019un tempet grandes \u00e9coles scientifiquess \u00e9gal \u00e0 celui pass\u00e9 effectivement dans le service national actif ;<\/li>\n\n\n\n<li>Etre titulaire du baccalaur\u00e9at et d\u2019une ma\u00eetrise (Bac + 4) ou d\u2019un dipl\u00f4me reconnu \u00e9quivalent dans l\u2019un des domaines suivants : \u00e9conomie, gestion, comptabilit\u00e9, droit et grandes \u00e9coles scientifiques.<\/li>\n<\/ul>\n\n\n\n<p>Candidats internes :<\/p>\n\n\n\n<ul class=\"wp-block-list\">\n<li>Etre fonctionnaire ou agent public de la cat\u00e9gorie A du minist\u00e8re en charge des finances, justifiant au 1er janvier de l\u2019ann\u00e9e du concours de quatre ans au moins de services publics ;<\/li>\n\n\n\n<li>Etre \u00e2g\u00e9 au plus de 45 ans au 1er janvier de l\u2019ann\u00e9e du concours.<\/li>\n<\/ul>\n\n\n\n<h4 class=\"wp-block-heading\">La s\u00e9lection des candidats<\/h4>\n\n\n\n<p>Les candidats issus des pr\u00e9s\u00e9lections sont ensuite convoqu\u00e9s pour subir les \u00e9preuves \u00e9crites suivantes :<\/p>\n\n\n\n<p>Epreuve 1 : Etude de dossier<br>Epreuve 2 : Sujets au choix (Economie \u2013 Gestion comptable et financi\u00e8re &#8211; Droit)<br>Epreuve 3 : Math\u00e9matiques et statistiques<br>Epreuve 4 : Anglais<\/p>\n\n\n\n<p>Un centre d\u2019examen est ouvert dans chaque pays de la CEMAC.<\/p>\n","protected":false},"excerpt":{"rendered":"<p>L\u2019admission en formation initiale se fait sur concours, directement \u00e0 l&rsquo;issue d&rsquo;une formation universitaire, ou en cours d&rsquo;activit\u00e9 professionnelle. Le concours s\u2019adresse : Le concours est ouvert aux ressortissants des Etats de la CEMAC. Un test de s\u00e9lection est organis\u00e9 pour chacune des quatre fili\u00e8res de formation. Ces tests se d\u00e9roulent \u00e0 des dates diff\u00e9rentes. [&hellip;]<\/p>\n","protected":false},"author":1,"featured_media":0,"parent":0,"menu_order":0,"comment_status":"closed","ping_status":"closed","template":"templates\/template-full-width.php","meta":{"footnotes":""},"class_list":["post-135","page","type-page","status-publish","hentry"],"_links":{"self":[{"href":"https:\/\/ief-cemac.org\/wpief\/index.php\/wp-json\/wp\/v2\/pages\/135","targetHints":{"allow":["GET"]}}],"collection":[{"href":"https:\/\/ief-cemac.org\/wpief\/index.php\/wp-json\/wp\/v2\/pages"}],"about":[{"href":"https:\/\/ief-cemac.org\/wpief\/index.php\/wp-json\/wp\/v2\/types\/page"}],"author":[{"embeddable":true,"href":"https:\/\/ief-cemac.org\/wpief\/index.php\/wp-json\/wp\/v2\/users\/1"}],"replies":[{"embeddable":true,"href":"https:\/\/ief-cemac.org\/wpief\/index.php\/wp-json\/wp\/v2\/comments?post=135"}],"version-history":[{"count":2,"href":"https:\/\/ief-cemac.org\/wpief\/index.php\/wp-json\/wp\/v2\/pages\/135\/revisions"}],"predecessor-version":[{"id":137,"href":"https:\/\/ief-cemac.org\/wpief\/index.php\/wp-json\/wp\/v2\/pages\/135\/revisions\/137"}],"wp:attachment":[{"href":"https:\/\/ief-cemac.org\/wpief\/index.php\/wp-json\/wp\/v2\/media?parent=135"}],"curies":[{"name":"wp","href":"https:\/\/api.w.org\/{rel}","templated":true}]}}